{"id":1190,"date":"2021-05-05T15:36:12","date_gmt":"2021-05-05T13:36:12","guid":{"rendered":"https:\/\/www.rainersliedermacher.de\/?post_type=product&#038;p=1190"},"modified":"2023-11-19T09:19:48","modified_gmt":"2023-11-19T08:19:48","slug":"live-stream-dvd","status":"publish","type":"product","link":"https:\/\/www.rainersliedermacher.de\/?product=live-stream-dvd","title":{"rendered":"Live Stream DVD"},"content":{"rendered":"<p><span class=\"style-scope yt-formatted-string\" dir=\"auto\">F\u00fcr den Abend des 30.04.2020 war im Gew\u00f6lbekeller der \u201ePeter&amp;Silie\u201c in Ingelheim ein Konzert der Band \u201eRainers Liedermacher\u201c geplant. Innerhalb von nur 3 Tagen war diese Veranstaltung bereits ausverkauft und musste dann aufgrund der Corona-Pandemie leider abgesagt werden. In Kommentaren und pers\u00f6nlichen Gespr\u00e4chen wurde die Band immer wieder gefragt, ob die Veranstaltung nicht trotzdem in anderer Form stattfinden kann. Nach umfangreichen \u00dcberlegungen einigten sich dann alle Beteiligten darauf, das Konzert in Form eines Livestreams durchzuf\u00fchren. So wurden u.a. auch passend zum Vorabend des 1. Mai nun f\u00fcr den 30.04.2020 ab\u00a0<\/span><a class=\"yt-simple-endpoint style-scope yt-formatted-string mfp-iframe lightbox-added\" dir=\"auto\" spellcheck=\"false\" href=\"https:\/\/www.youtube.com\/watch?v=Rv4enethmXw&amp;t=1200s\">20:00<\/a><span class=\"style-scope yt-formatted-string\" dir=\"auto\">\u00a0Uhr die Songs ausgew\u00e4hlt. Er\u00f6ffnet wird die Veranstaltung von Prof. Dr. Gerhard Trabert, Arzt, Sozialp\u00e4dagoge und Gr\u00fcnder des Vereins \u201eArmut und Gesundheit\u201c. Die Band wird ohne Gage spielen. Allerdings ben\u00f6tigen auch die Techniker*innen und alle, die im Vorfeld des Konzertes so gro\u00dfartig und leidenschaftlich mitarbeiten, damit dieses Event reibungslos von statten gehen kann dringend eure Hilfe. Denn auch diese Menschen sp\u00fcren bereits die Auswirkungen der Corona-Pandemie in ihre Lebensgrundlagen. Uns ist bewusst, dass es vielen von euch zurzeit wohl \u00e4hnlich geht. Dennoch w\u00e4re es sch\u00f6n, wenn ihr \u2013 soweit es eure derzeitigen Lebensumst\u00e4nde zulassen \u2013 diese Veranstaltung unter\u00a0<\/span><a class=\"yt-simple-endpoint style-scope yt-formatted-string\" dir=\"auto\" spellcheck=\"false\" href=\"https:\/\/www.youtube.com\/redirect?event=video_description&amp;v=Rv4enethmXw&amp;redir_token=68URT1kE17CrIwHBmYU3tmOqeWp8MTU5MjE0ODEyNUAxNTkyMDYxNzI1&amp;q=https%3A%2F%2Fpaypal.me%2Fspendefuerdiekunst%3Flocale.x%3Dde_DE\" target=\"_blank\" rel=\"nofollow noopener\">https:\/\/paypal.me\/spendefuerdiekunst?\u2026<\/a><span class=\"style-scope yt-formatted-string\" dir=\"auto\">\u00a0finanziell unterst\u00fctzen k\u00f6nntet\u2026 In diesem Zusammenhang m\u00f6chten wir uns jetzt schon im Voraus bei euch bedanken und freuen uns auf einen unterhaltsamen und Mut machenden Konzertabend.<\/span><\/p>\n","protected":false},"excerpt":{"rendered":"<p>F\u00fcr den Abend des 30.04.2020 war im Gew\u00f6lbekeller der \u201ePeter&amp;Silie\u201c in Ingelheim ein Konzert der Band \u201eRainers Liedermacher\u201c geplant. Innerhalb von nur 3 Tagen war diese Veranstaltung bereits ausverkauft und musste dann aufgrund der Corona-Pandemie leider abgesagt werden. In Kommentaren und pers\u00f6nlichen Gespr\u00e4chen wurde die Band immer wieder gefragt, ob die Veranstaltung nicht trotzdem in [&hellip;]<\/p>\n","protected":false},"featured_media":1299,"comment_status":"closed","ping_status":"closed","template":"","meta":[],"product_brand":[],"product_cat":[35],"product_tag":[],"class_list":{"0":"post-1190","1":"product","2":"type-product","3":"status-publish","4":"has-post-thumbnail","6":"product_cat-dvd","8":"first","9":"instock","10":"featured","11":"shipping-taxable","12":"purchasable","13":"product-type-simple"},"jetpack_sharing_enabled":true,"_links":{"self":[{"href":"https:\/\/www.rainersliedermacher.de\/index.php?rest_route=\/wp\/v2\/product\/1190","targetHints":{"allow":["GET"]}}],"collection":[{"href":"https:\/\/www.rainersliedermacher.de\/index.php?rest_route=\/wp\/v2\/product"}],"about":[{"href":"https:\/\/www.rainersliedermacher.de\/index.php?rest_route=\/wp\/v2\/types\/product"}],"replies":[{"embeddable":true,"href":"https:\/\/www.rainersliedermacher.de\/index.php?rest_route=%2Fwp%2Fv2%2Fcomments&post=1190"}],"wp:featuredmedia":[{"embeddable":true,"href":"https:\/\/www.rainersliedermacher.de\/index.php?rest_route=\/wp\/v2\/media\/1299"}],"wp:attachment":[{"href":"https:\/\/www.rainersliedermacher.de\/index.php?rest_route=%2Fwp%2Fv2%2Fmedia&parent=1190"}],"wp:term":[{"taxonomy":"product_brand","embeddable":true,"href":"https:\/\/www.rainersliedermacher.de\/index.php?rest_route=%2Fwp%2Fv2%2Fproduct_brand&post=1190"},{"taxonomy":"product_cat","embeddable":true,"href":"https:\/\/www.rainersliedermacher.de\/index.php?rest_route=%2Fwp%2Fv2%2Fproduct_cat&post=1190"},{"taxonomy":"product_tag","embeddable":true,"href":"https:\/\/www.rainersliedermacher.de\/index.php?rest_route=%2Fwp%2Fv2%2Fproduct_tag&post=1190"}],"curies":[{"name":"wp","href":"https:\/\/api.w.org\/{rel}","templated":true}]}}