{"id":748,"date":"2020-05-30T00:32:06","date_gmt":"2020-05-29T22:32:06","guid":{"rendered":"https:\/\/www.rainersliedermacher.de\/?page_id=748"},"modified":"2020-06-12T22:14:28","modified_gmt":"2020-06-12T20:14:28","slug":"impressum","status":"publish","type":"page","link":"https:\/\/www.rainersliedermacher.de\/?page_id=748","title":{"rendered":"Impressum"},"content":{"rendered":"\n<style type=\"text\/css\" data-created_by=\"avia_inline_auto\" id=\"style-css-av-bv19g-6c9fea8d65f0a9c1a2d9e95641c57220\">\n.flex_column.av-bv19g-6c9fea8d65f0a9c1a2d9e95641c57220{\nborder-radius:0px 0px 0px 0px;\npadding:0px 0px 0px 0px;\n}\n<\/style>\n<div  class='flex_column av-bv19g-6c9fea8d65f0a9c1a2d9e95641c57220 av_one_full  avia-builder-el-0  el_before_av_one_full  avia-builder-el-first  first flex_column_div av-zero-column-padding  '     ><section  class='av_textblock_section av-kbcn1arj-04c4619ce25431870942139d98c2b8f3 '   itemscope=\"itemscope\" itemtype=\"https:\/\/schema.org\/CreativeWork\" ><div class='avia_textblock'  itemprop=\"text\" ><h1><strong>IMPRESSUM<\/strong><\/h1>\n<\/div><\/section><\/div>\n\n<style type=\"text\/css\" data-created_by=\"avia_inline_auto\" id=\"style-css-av-9k8jw-f17f2ad91e70629db0a1591b59579283\">\n.flex_column.av-9k8jw-f17f2ad91e70629db0a1591b59579283{\nborder-radius:0px 0px 0px 0px;\npadding:0px 0px 0px 0px;\n}\n<\/style>\n<div  class='flex_column av-9k8jw-f17f2ad91e70629db0a1591b59579283 av_one_full  avia-builder-el-2  el_after_av_one_full  avia-builder-el-last  first flex_column_div av-zero-column-padding  column-top-margin'     ><section  class='av_textblock_section av-kbcn3htd-3b58dcfbe03e6884ceee43f38a1eba7a '   itemscope=\"itemscope\" itemtype=\"https:\/\/schema.org\/CreativeWork\" ><div class='avia_textblock'  itemprop=\"text\" ><h2><strong>DIENSTEANBIETER<\/strong><\/h2>\n<p>Rainers Liedermacher<\/p>\n<p><a href=\"mailto:hallo@rainersliedermacher.de\">hallo@rainersliedermacher.de<\/a><\/p>\n<\/div><\/section><br \/>\n<div  class='hr av-sz2qc-861199aa71a7a0932dd6b5cab8af9b19 hr-default  avia-builder-el-4  el_after_av_textblock  el_before_av_textblock '><span class='hr-inner '><span class=\"hr-inner-style\"><\/span><\/span><\/div><br \/>\n<section  class='av_textblock_section av-kbcn3yeu-f3c499972d6930b891fb31129bd825ee '   itemscope=\"itemscope\" itemtype=\"https:\/\/schema.org\/CreativeWork\" ><div class='avia_textblock'  itemprop=\"text\" ><h2><strong>KONTAKTM\u00d6GLICHKEITEN<\/strong><\/h2>\n<p><strong>E-Mail-Adresse<\/strong>:\u00a0<a href=\"mailto:hallo@rainersliedermacher.de\">hallo@rainersliedermacher.de<\/a><\/p>\n<\/div><\/section><br \/>\n<div  class='hr av-sz2qc-250ad664713b912134bff0981ef20b8e hr-default  avia-builder-el-6  el_after_av_textblock  el_before_av_textblock '><span class='hr-inner '><span class=\"hr-inner-style\"><\/span><\/span><\/div><br \/>\n<section  class='av_textblock_section av-l1u7o-cf2f386dc423fef7563ddf9c948f9fc5 '   itemscope=\"itemscope\" itemtype=\"https:\/\/schema.org\/CreativeWork\" ><div class='avia_textblock'  itemprop=\"text\" ><h2><strong>ONLINE-STREITBEILEGUNG (OS)<\/strong><\/h2>\n<p>Online-Streitbeilegung: Die Europ\u00e4ische Kommission stellt eine Plattform zur Online-Streitbeilegung (OS) bereit, die Sie unter\u00a0<a href=\"https:\/\/ec.europa.eu\/consumers\/odr\/\">https:\/\/ec.europa.eu\/consumers\/odr\/<\/a>\u00a0finden. Verbraucher haben die M\u00f6glichkeit, diese Plattform f\u00fcr die Beilegung ihrer Streitigkeiten zu nutzen.<\/p>\n<\/div><\/section><br \/>\n<div  class='hr av-sz2qc-250ad664713b912134bff0981ef20b8e hr-default  avia-builder-el-8  el_after_av_textblock  el_before_av_textblock '><span class='hr-inner '><span class=\"hr-inner-style\"><\/span><\/span><\/div><br \/>\n<section  class='av_textblock_section av-1kbl0-702c05dc0862bee82027869bf258c0e0 '   itemscope=\"itemscope\" itemtype=\"https:\/\/schema.org\/CreativeWork\" ><div class='avia_textblock'  itemprop=\"text\" ><h2><strong>SOCIAL MEDIA UND ANDERE ONLINEPR\u00c4SENZEN<\/strong><\/h2>\n<h2><strong>HAFTUNGS- UND URHEBERRECHTSHINWEISE<\/strong><\/h2>\n<p><strong>Haftungsausschluss<\/strong>: Die Inhalte dieses Onlineangebotes wurden sorgf\u00e4ltig und nach unserem aktuellen Kenntnisstand erstellt, dienen jedoch nur der Information und entfalten keine rechtlich bindende Wirkung, sofern es sich nicht um gesetzlich verpflichtende Informationen (z.B. das Impressum, die Datenschutzerkl\u00e4rung, AGB oder verpflichtende Belehrungen von Verbrauchern) handelt. Wir behalten uns vor, die Inhalte vollst\u00e4ndig oder teilweise zu \u00e4ndern oder zu l\u00f6schen, soweit vertragliche Verpflichtungen unber\u00fchrt bleiben. Alle Angebote sind freibleibend und unverbindlich.<\/p>\n<p><strong>Links auf fremde Webseiten<\/strong>: Inhalte fremder Webseiten, auf die wir direkt oder indirekt verweisen, liegen au\u00dferhalb unseres Verantwortungsbereiches und machen wir uns nicht zu Eigen. F\u00fcr alle Inhalte und insbesondere f\u00fcr Sch\u00e4den, die aus der Nutzung der in den verlinkten Webseiten aufrufbaren Informationen entstehen, haftet allein der Anbieter der verlinkten Webseiten.<\/p>\n<p><strong>Urheberrechte und Markenrechte<\/strong>: Alle auf dieser Website dargestellten Inhalte, wie Texte, Fotografien, Grafiken, Marken und Warenzeichen sind durch die jeweiligen Schutzrechte (Urheberrechte, Markenrechte) gesch\u00fctzt. Die Verwendung, Vervielf\u00e4ltigung usw. unterliegen unseren Rechten oder den Rechten der jeweiligen Urheber bzw. Rechteverwalter.<\/p>\n<p><strong>Hinweise auf Rechtsverst\u00f6\u00dfe<\/strong>: Sollten Sie innerhalb unseres Internetauftritts Rechtsverst\u00f6\u00dfe bemerken, bitten wir Sie uns auf diese hinzuweisen. Wir werden rechtswidrige Inhalte und Links nach Kenntnisnahme unverz\u00fcglich entfernen.<\/p>\n<\/div><\/section><br \/>\n<div  class='hr av-sz2qc-250ad664713b912134bff0981ef20b8e hr-default  avia-builder-el-10  el_after_av_textblock  el_before_av_textblock '><span class='hr-inner '><span class=\"hr-inner-style\"><\/span><\/span><\/div><br \/>\n<section  class='av_textblock_section av-kass76y7-c8882c3795dbe5eae0714d275d5a902d '   itemscope=\"itemscope\" itemtype=\"https:\/\/schema.org\/CreativeWork\" ><div class='avia_textblock'  itemprop=\"text\" ><h2>Bildnachweise<\/h2>\n<p><strong>Bildquellen und Urheberrechtshinweise<\/strong>:<\/p>\n<p>Rainers Liedermacher<\/p>\n<p class=\"seal\"><a title=\"Rechtstext von Dr. Schwenke - f\u00fcr weitere Informationen bitte anklicken.\" href=\"https:\/\/datenschutz-generator.de\/?l=de\" target=\"_blank\" rel=\"noopener noreferrer nofollow\">Erstellt mit kostenlosem Datenschutz-Generator.de von Dr. Thomas Schwenke<\/a><\/p>\n<\/div><\/section><\/p><\/div>\n","protected":false},"excerpt":{"rendered":"","protected":false},"author":1,"featured_media":0,"parent":0,"menu_order":0,"comment_status":"closed","ping_status":"closed","template":"","meta":{"footnotes":""},"class_list":["post-748","page","type-page","status-publish","hentry"],"jetpack_sharing_enabled":true,"_links":{"self":[{"href":"https:\/\/www.rainersliedermacher.de\/index.php?rest_route=\/wp\/v2\/pages\/748","targetHints":{"allow":["GET"]}}],"collection":[{"href":"https:\/\/www.rainersliedermacher.de\/index.php?rest_route=\/wp\/v2\/pages"}],"about":[{"href":"https:\/\/www.rainersliedermacher.de\/index.php?rest_route=\/wp\/v2\/types\/page"}],"author":[{"embeddable":true,"href":"https:\/\/www.rainersliedermacher.de\/index.php?rest_route=\/wp\/v2\/users\/1"}],"replies":[{"embeddable":true,"href":"https:\/\/www.rainersliedermacher.de\/index.php?rest_route=%2Fwp%2Fv2%2Fcomments&post=748"}],"version-history":[{"count":17,"href":"https:\/\/www.rainersliedermacher.de\/index.php?rest_route=\/wp\/v2\/pages\/748\/revisions"}],"predecessor-version":[{"id":958,"href":"https:\/\/www.rainersliedermacher.de\/index.php?rest_route=\/wp\/v2\/pages\/748\/revisions\/958"}],"wp:attachment":[{"href":"https:\/\/www.rainersliedermacher.de\/index.php?rest_route=%2Fwp%2Fv2%2Fmedia&parent=748"}],"curies":[{"name":"wp","href":"https:\/\/api.w.org\/{rel}","templated":true}]}}